{"id":23,"date":"2024-10-11T14:22:11","date_gmt":"2024-10-11T12:22:11","guid":{"rendered":"https:\/\/www.cilkova.cz\/?page_id=23"},"modified":"2024-11-06T11:33:41","modified_gmt":"2024-11-06T10:33:41","slug":"poslani","status":"publish","type":"page","link":"https:\/\/www.cilkova.cz\/uvod\/poslani\/","title":{"rendered":"Posl\u00e1n\u00ed"},"content":{"rendered":"<div class=\"\" style=\"\" >\n    \n    <section class=\"u-clearfix u-container-align-center u-custom-color-7 u-section-2\" id=\"sec-9d7b\">\n      <div class=\"u-clearfix u-sheet u-sheet-1\">\n        <div class=\"u-container-style u-custom-color-8 u-group u-radius u-shape-round u-group-1\">\n          <div class=\"u-container-layout u-valign-top u-container-layout-1\">\n            <p class=\"u-text u-text-default u-text-1\">\n              <span style=\"font-weight: 700; font-size: 1.25rem;\" class=\"u-text-black\"> Posl\u00e1n\u00ed komunitn\u00edho centra C\u00edlkova<\/span>\n              <span class=\"u-text-black\">\n                <br>\n                <br>\n                <br>\n                <span style=\"font-weight: 700;\">Co chceme provozovat?<br>\n                <\/span>\n                <br>M\u00edsto pln\u00e9 z\u00e1bavy, kultury a vzd\u011bl\u00e1v\u00e1n\u00ed, kter\u00e9 napom\u00e1h\u00e1 rozv\u00edjet kreativn\u00ed p\u0159\u00edstup k \u017eivotu. M\u00edsto, kde je p\u0159\u00edjemn\u00e9 pob\u00fdvat a setk\u00e1vat se s jin\u00fdmi lidmi, kte\u0159\u00ed sd\u00edlej\u00ed spole\u010dn\u00e9 hodnoty a z\u00e1jmy, maj\u00ed z\u00e1jem spolu komunikovat, pracovat na sob\u011b a zlep\u0161ovat vztahy mezi lidmi. <br>\n                <br>\n                <br>\n                <br>\n                <span style=\"font-weight: 700;\">Co je na\u0161\u00edm c\u00edlem?<br>\n                <\/span>\n                <br>P\u0159\u00edjemn\u00e9 a otev\u0159en\u00e9 z\u00e1zem\u00ed, kter\u00e9 slou\u017e\u00ed cel\u00e9 komunit\u011b, poskytuje pestrou nab\u00eddku kvalitn\u00edch vzd\u011bl\u00e1vac\u00edch a kulturn\u00edch aktivit a z\u00e1kladn\u00edho soci\u00e1ln\u00edho poradenstv\u00ed.<br>\n                <br>\n                <br>\n                <br>\n                <span style=\"font-weight: 700;\">Komu jsou na\u0161e aktivity ur\u010deny?<br>\n                <\/span>\n                <br>C\u00edlov\u00e1 skupina je \u0161irok\u00e1 a m\u016f\u017ee zasahovat do v\u0161ech v\u011bkov\u00fdch skupin. Zvl\u00e1\u0161tn\u00ed skupinu pro n\u00e1s p\u0159edstavuj\u00ed senio\u0159i, kter\u00fdm prost\u0159ednictv\u00edm na\u0161ich aktivit nab\u00edz\u00edme mo\u017enost p\u0159\u00edjemn\u011b a smyslupln\u011b tr\u00e1vit \u010das. <br>\n                <br>\n                <br>\n                <br>\n                <span style=\"font-weight: 700;\">Co nab\u00edz\u00edme?<br>\n                <\/span>\n                <br>Pravideln\u00e9 aktivity a \u010dinnosti:<br>&nbsp;&nbsp;&nbsp;&nbsp;&nbsp;&nbsp;&nbsp;&nbsp;&nbsp;&nbsp;&nbsp;&nbsp;&nbsp;&nbsp;&nbsp;&nbsp;&nbsp;&nbsp;&nbsp;&nbsp;&nbsp;&nbsp;&nbsp;&nbsp;&nbsp;&nbsp;&nbsp;&nbsp;&nbsp;&nbsp;&nbsp;&nbsp;&nbsp;&nbsp;&nbsp;&nbsp;&nbsp;&nbsp;&nbsp;&nbsp;&nbsp;&nbsp;&nbsp;&nbsp;&nbsp;&nbsp;&nbsp;&nbsp; Zp\u011bv \u2013 p\u011bveck\u00fd sbor<br>&nbsp;&nbsp;&nbsp;&nbsp;&nbsp;&nbsp;&nbsp;&nbsp;&nbsp;&nbsp;&nbsp;&nbsp;&nbsp;&nbsp;&nbsp;&nbsp;&nbsp;&nbsp;&nbsp;&nbsp;&nbsp;&nbsp;&nbsp;&nbsp;&nbsp;&nbsp;&nbsp;&nbsp;&nbsp;&nbsp;&nbsp;&nbsp;&nbsp;&nbsp;&nbsp;&nbsp;&nbsp;&nbsp;&nbsp;&nbsp;&nbsp;&nbsp;&nbsp;&nbsp;&nbsp;&nbsp;&nbsp;&nbsp; Ru\u010dn\u00ed pr\u00e1ce<br>&nbsp;&nbsp;&nbsp;&nbsp;&nbsp;&nbsp;&nbsp;&nbsp;&nbsp;&nbsp;&nbsp;&nbsp;&nbsp;&nbsp;&nbsp;&nbsp;&nbsp;&nbsp;&nbsp;&nbsp;&nbsp;&nbsp;&nbsp;&nbsp;&nbsp;&nbsp;&nbsp;&nbsp;&nbsp;&nbsp;&nbsp;&nbsp;&nbsp;&nbsp;&nbsp;&nbsp;&nbsp;&nbsp;&nbsp;&nbsp;&nbsp;&nbsp;&nbsp;&nbsp;&nbsp;&nbsp;&nbsp;&nbsp; Tr\u00e9nov\u00e1n\u00ed pam\u011bti<br>&nbsp;&nbsp;&nbsp;&nbsp;&nbsp;&nbsp;&nbsp;&nbsp;&nbsp;&nbsp;&nbsp;&nbsp;&nbsp;&nbsp;&nbsp;&nbsp;&nbsp;&nbsp;&nbsp;&nbsp;&nbsp;&nbsp;&nbsp;&nbsp;&nbsp;&nbsp;&nbsp;&nbsp;&nbsp;&nbsp;&nbsp;&nbsp;&nbsp;&nbsp;&nbsp;&nbsp;&nbsp;&nbsp;&nbsp;&nbsp;&nbsp;&nbsp;&nbsp;&nbsp;&nbsp;&nbsp;&nbsp;&nbsp; V\u00fduka angli\u010dtiny<br>&nbsp;&nbsp;&nbsp;&nbsp;&nbsp;&nbsp;&nbsp;&nbsp;&nbsp;&nbsp;&nbsp;&nbsp;&nbsp;&nbsp;&nbsp;&nbsp;&nbsp;&nbsp;&nbsp;&nbsp;&nbsp;&nbsp;&nbsp;&nbsp;&nbsp;&nbsp;&nbsp;&nbsp;&nbsp;&nbsp;&nbsp;&nbsp;&nbsp;&nbsp;&nbsp;&nbsp;&nbsp;&nbsp;&nbsp;&nbsp;&nbsp;&nbsp;&nbsp;&nbsp;&nbsp;&nbsp;&nbsp;&nbsp; J\u00f3ga pro seniory<br>&nbsp;&nbsp;&nbsp;&nbsp;&nbsp;&nbsp;&nbsp;&nbsp;&nbsp;&nbsp;&nbsp;&nbsp;&nbsp;&nbsp;&nbsp;&nbsp;&nbsp;&nbsp;&nbsp;&nbsp;&nbsp;&nbsp;&nbsp;&nbsp;&nbsp;&nbsp;&nbsp;&nbsp;&nbsp;&nbsp;&nbsp;&nbsp;&nbsp;&nbsp;&nbsp;&nbsp;&nbsp;&nbsp;&nbsp;&nbsp;&nbsp;&nbsp;&nbsp;&nbsp;&nbsp;&nbsp;&nbsp;&nbsp; Cvi\u010den\u00ed pro seniory<br>&nbsp;&nbsp;&nbsp;&nbsp;&nbsp;&nbsp;&nbsp;&nbsp;&nbsp;&nbsp;&nbsp;&nbsp;&nbsp;&nbsp;&nbsp;&nbsp;&nbsp;&nbsp;&nbsp;&nbsp;&nbsp;&nbsp;&nbsp;&nbsp;&nbsp;&nbsp;&nbsp;&nbsp;&nbsp;&nbsp;&nbsp;&nbsp;&nbsp;&nbsp;&nbsp;&nbsp;&nbsp;&nbsp;&nbsp;&nbsp;&nbsp;&nbsp;&nbsp;&nbsp;&nbsp;&nbsp;&nbsp;&nbsp; Klub pro osam\u011bl\u00e9 seniory<br>&nbsp;&nbsp;&nbsp;&nbsp;&nbsp;&nbsp;&nbsp;&nbsp;&nbsp;&nbsp;&nbsp;&nbsp;&nbsp;&nbsp;&nbsp;&nbsp;&nbsp;&nbsp;&nbsp;&nbsp;&nbsp;&nbsp;&nbsp;&nbsp;&nbsp;&nbsp;&nbsp;&nbsp;&nbsp;&nbsp;&nbsp;&nbsp;&nbsp;&nbsp;&nbsp;&nbsp;&nbsp;&nbsp;&nbsp;&nbsp;&nbsp;&nbsp;&nbsp;&nbsp;&nbsp;&nbsp;&nbsp;&nbsp; Pr\u00e1vn\u00ed poradnu<br>&nbsp;&nbsp;&nbsp;&nbsp;&nbsp;&nbsp;&nbsp;&nbsp;&nbsp;&nbsp;&nbsp;&nbsp;&nbsp;&nbsp;&nbsp;&nbsp;&nbsp;&nbsp;&nbsp;&nbsp;&nbsp;&nbsp;&nbsp;&nbsp;&nbsp;&nbsp;&nbsp;&nbsp;&nbsp;&nbsp;&nbsp;&nbsp;&nbsp;&nbsp;&nbsp;&nbsp;&nbsp;&nbsp;&nbsp;&nbsp;&nbsp;&nbsp;&nbsp;&nbsp;&nbsp;&nbsp;&nbsp;&nbsp; Poradnu pro pe\u010duj\u00edc\u00ed osoby<br>&nbsp;&nbsp;&nbsp;&nbsp;&nbsp;&nbsp;&nbsp;&nbsp;&nbsp;&nbsp;&nbsp;&nbsp;&nbsp;&nbsp;&nbsp;&nbsp;&nbsp;&nbsp;&nbsp;&nbsp;&nbsp;&nbsp;&nbsp;&nbsp;&nbsp;&nbsp;&nbsp;&nbsp;&nbsp;&nbsp;&nbsp;&nbsp;&nbsp;&nbsp;&nbsp;&nbsp;&nbsp;&nbsp;&nbsp;&nbsp;&nbsp;&nbsp;&nbsp;&nbsp;&nbsp;&nbsp;&nbsp;&nbsp; Gymnastika my\u0161len\u00ed<br>&nbsp;&nbsp;&nbsp;&nbsp;&nbsp;&nbsp;&nbsp;&nbsp;&nbsp;&nbsp;&nbsp;&nbsp;&nbsp;&nbsp;&nbsp;&nbsp;&nbsp;&nbsp;&nbsp;&nbsp;&nbsp;&nbsp;&nbsp;&nbsp;&nbsp;&nbsp;&nbsp;&nbsp;&nbsp;&nbsp;&nbsp;&nbsp;&nbsp;&nbsp;&nbsp;&nbsp;&nbsp;&nbsp;&nbsp;&nbsp;&nbsp;&nbsp;&nbsp;&nbsp;&nbsp;&nbsp;&nbsp;&nbsp; Z\u00e1klady malov\u00e1n\u00ed a kreslen\u00ed<br>\n                <br>\n                <br>\n                <br>\n                <span style=\"font-weight: 700;\">Dal\u0161\u00ed aktivity:<br>\n                <\/span>\n                <br>\n                <span style=\"font-weight: 700;\">P\u0159edn\u00e1\u0161ky <\/span>\n                <br>T\u00e9mata vol\u00edme tak, aby byla zaj\u00edmav\u00e1 a inspiruj\u00edc\u00ed \u2013 nap\u0159. o p\u0159\u00edrod\u011b, historii, psan\u00ed rodokmen\u016f, doprav\u011b a jin\u00e9<br>\n                <br>\n                <span style=\"font-weight: 700;\">Mezigenera\u010dn\u00ed program<\/span>\n                <br>Setk\u00e1v\u00e1n\u00ed senior\u016f, d\u011bt\u00ed a ml\u00e1de\u017ee p\u0159in\u00e1\u0161ej\u00edc\u00ed radost a mo\u017enost spole\u010dn\u011b si pov\u00eddat, spole\u010dn\u011b n\u011bco vyrobit, p\u0159edv\u00e9st. <br>\n                <br>Spole\u010dn\u00e9 oslavy nejr\u016fzn\u011bj\u0161\u00edch p\u0159\u00edle\u017eitost\u00ed \u2013 Velikonoce, V\u00e1noce a v\u0161echny mo\u017en\u00e9 dal\u0161\u00ed<br>Spolu je n\u00e1m toti\u017e l\u00e9pe.<br>\n                <br>\n                <br>\n                <br>\n                <br>\n              <\/span>\n            <\/p>\n          <\/div>\n        <\/div>\n      <\/div>\n    <\/section>\n    \n    \n    \n  \n<\/div>","protected":false},"excerpt":{"rendered":"<p>Posl\u00e1n\u00ed komunitn\u00edho centra C\u00edlkova Co chceme provozovat? M\u00edsto pln\u00e9 z\u00e1bavy, kultury a vzd\u011bl\u00e1v\u00e1n\u00ed, kter\u00e9 napom\u00e1h\u00e1 rozv\u00edjet kreativn\u00ed p\u0159\u00edstup k \u017eivotu. M\u00edsto, kde je p\u0159\u00edjemn\u00e9 pob\u00fdvat a setk\u00e1vat se s jin\u00fdmi [&hellip;]<\/p>\n","protected":false},"author":1,"featured_media":0,"parent":0,"menu_order":0,"comment_status":"closed","ping_status":"closed","template":"","meta":{"_EventAllDay":false,"_EventTimezone":"","_EventStartDate":"","_EventEndDate":"","_EventStartDateUTC":"","_EventEndDateUTC":"","_EventShowMap":false,"_EventShowMapLink":false,"_EventURL":"","_EventCost":"","_EventCostDescription":"","_EventCurrencySymbol":"","_EventCurrencyCode":"","_EventCurrencyPosition":"","_EventDateTimeSeparator":"","_EventTimeRangeSeparator":"","_EventOrganizerID":[],"_EventVenueID":[],"_OrganizerEmail":"","_OrganizerPhone":"","_OrganizerWebsite":"","_VenueAddress":"","_VenueCity":"","_VenueCountry":"","_VenueProvince":"","_VenueState":"","_VenueZip":"","_VenuePhone":"","_VenueURL":"","_VenueStateProvince":"","_VenueLat":"","_VenueLng":"","_VenueShowMap":false,"_VenueShowMapLink":false,"footnotes":""},"class_list":["post-23","page","type-page","status-publish","hentry"],"_links":{"self":[{"href":"https:\/\/www.cilkova.cz\/uvod\/wp-json\/wp\/v2\/pages\/23","targetHints":{"allow":["GET"]}}],"collection":[{"href":"https:\/\/www.cilkova.cz\/uvod\/wp-json\/wp\/v2\/pages"}],"about":[{"href":"https:\/\/www.cilkova.cz\/uvod\/wp-json\/wp\/v2\/types\/page"}],"author":[{"embeddable":true,"href":"https:\/\/www.cilkova.cz\/uvod\/wp-json\/wp\/v2\/users\/1"}],"replies":[{"embeddable":true,"href":"https:\/\/www.cilkova.cz\/uvod\/wp-json\/wp\/v2\/comments?post=23"}],"version-history":[{"count":7,"href":"https:\/\/www.cilkova.cz\/uvod\/wp-json\/wp\/v2\/pages\/23\/revisions"}],"predecessor-version":[{"id":242,"href":"https:\/\/www.cilkova.cz\/uvod\/wp-json\/wp\/v2\/pages\/23\/revisions\/242"}],"wp:attachment":[{"href":"https:\/\/www.cilkova.cz\/uvod\/wp-json\/wp\/v2\/media?parent=23"}],"curies":[{"name":"wp","href":"https:\/\/api.w.org\/{rel}","templated":true}]}}