{"id":31,"date":"2024-10-11T14:37:13","date_gmt":"2024-10-11T12:37:13","guid":{"rendered":"https:\/\/www.cilkova.cz\/?page_id=31"},"modified":"2024-11-06T12:49:19","modified_gmt":"2024-11-06T11:49:19","slug":"provozni-rad","status":"publish","type":"page","link":"https:\/\/www.cilkova.cz\/uvod\/provozni-rad\/","title":{"rendered":"Provozn\u00ed \u0159\u00e1d"},"content":{"rendered":"<div class=\"\" style=\"\" >\n    \n    <section class=\"u-clearfix u-container-align-center u-custom-color-7 u-section-2\" id=\"sec-d849\">\n      <div class=\"u-clearfix u-sheet u-sheet-1\">\n        <div class=\"u-container-style u-custom-color-8 u-group u-radius u-shape-round u-group-1\">\n          <div class=\"u-container-layout u-container-layout-1\">\n            <p class=\"u-text u-text-white u-text-1\">\n              <span style=\"font-size: 1.25rem; font-weight: 700;\" class=\"u-text-black\"> PROVOZN\u00cd \u0158\u00c1D KOMUNITN\u00cdHO CENTRA C\u00cdLKOVA <\/span>\n              <span class=\"u-text-black\">\n                <br>\n                <br>\n                <span style=\"font-weight: 700;\">\u010cl\u00e1nek 1 <\/span>\n                <br>\n                <br><b>\u00davodn\u00ed ustanoven\u00ed<\/b>\n                <br>\n                <br>1.1 Tento provozn\u00ed\n\u0159\u00e1d upravuje z\u00e1sady\nfungov\u00e1n\u00ed Komunitn\u00edho centra\nC\u00edlkova (d\u00e1le jen Centrum), kter\u00e9 je provozov\u00e1no v&nbsp;r\u00e1mci KDN, Soci\u00e1ln\u00ed\nslu\u017eby m\u011bstsk\u00e9 \u010d\u00e1sti Praha 12, p\u0159\u00edsp\u011bvkov\u00e1 organizace, I\u010c: 70882169, se s\u00eddlem:\nOlbramovick\u00e1 703\/9, 142 00 Praha 4. <br>\n                <br>1.2 Centrum je\nprostor ur\u010den\u00fd pro p\u0159edn\u00e1\u0161ky, besedy, divadeln\u00ed, tane\u010dn\u00ed, hudebn\u00ed a filmov\u00e9\nprodukce, kurzy, kondi\u010dn\u00ed cvi\u010den\u00ed, spole\u010densk\u00e1 setk\u00e1v\u00e1n\u00ed, spole\u010densk\u00e9 hry, tv\u016fr\u010d\u00ed workshopy a dal\u0161\u00ed aktivity\npro \u0161irokou ve\u0159ejnost. <br>\n                <br>1.3\nProvozn\u00ed \u0159\u00e1d je vyd\u00e1n za \u00fa\u010delem stanoven\u00ed\npravidel vyu\u017e\u00edv\u00e1n\u00ed Centra\na ur\u010den\u00ed pravidel\npro chov\u00e1n\u00ed jeho u\u017eivatel\u016f, n\u00e1v\u0161t\u011bvn\u00edk\u016f a pracovn\u00edk\u016f.<br>&nbsp;<br>\n                <br>\n              <\/span><!--[if !supportLists]--><!--[endif]--><!--[if !supportLists]--><!--[endif]--><!--[if !supportLists]--><!--[endif]-->\n              <span style=\"font-weight: 700;\" class=\"u-text-black\">\u010cl\u00e1nek 2<\/span>\n              <span class=\"u-text-black\">\n                <br>\n                <br><b>Z\u00e1kladn\u00ed pravidla\nsou\u017eit\u00ed v&nbsp;Centru<br><\/b>\n                <br>2.1\nN\u00e1v\u0161t\u011bvn\u00edci Centra i jeho pracovn\u00edci se mezi sebou navz\u00e1jem respektuj\u00ed a dodr\u017euj\u00ed pravidla\nslu\u0161n\u00e9ho chov\u00e1n\u00ed. Chovaj\u00ed se tak, aby neohrozili sv\u00e9 zdrav\u00ed a\nbezpe\u010dnost, ani zdrav\u00ed a\nbezpe\u010dnost druh\u00e9ho. <br>\n                <br>2.2 Centrum je\nz\u0159\u00edzeno jako neziskov\u00e9 a nekomer\u010dn\u00ed za\u0159\u00edzen\u00ed za \u00fa\u010delem provozov\u00e1n\u00ed kulturn\u00edch,\nspole\u010densk\u00fdch a soci\u00e1ln\u011b aktiviza\u010dn\u00edch aktivit sm\u011b\u0159uj\u00edc\u00edch k soci\u00e1ln\u00edmu za\u010dle\u0148ov\u00e1n\u00ed osob z c\u00edlov\u00fdch\nskupin, zejm\u00e9na pravideln\u00e9ho setk\u00e1v\u00e1n\u00ed senior\u016f a\ndal\u0161\u00edch v\u011bkov\u00fdch a soci\u00e1ln\u00edch skupin <br>k uspokojov\u00e1n\u00ed jejich kulturn\u00edch,\nvzd\u011bl\u00e1vac\u00edch a informa\u010dn\u00edch pot\u0159eb, aktivit pro integraci, komunitn\u00ed slu\u017eby a\nprevenci a k v\u0161estrann\u00e9mu napom\u00e1h\u00e1n\u00ed v\u0161em form\u00e1m vzd\u011bl\u00e1v\u00e1n\u00ed\nob\u010dan\u016f. Vyu\u017eit\u00ed jednotliv\u00fdch prostor ur\u010duje\naktu\u00e1ln\u00ed rozvrh u\u017e\u00edv\u00e1n\u00ed\nm\u00edstnost\u00ed, jen\u017e stanovuje p\u0159esn\u00fd \u010das pro jednotliv\u00e9 aktivity. <br>\n                <br>2.3\nVe v\u0161ech prostor\u00e1ch, kter\u00e9 jsou sou\u010d\u00e1st\u00ed\nCentra, je zak\u00e1z\u00e1no\nkou\u0159en\u00ed, u\u017e\u00edv\u00e1n\u00ed n\u00e1vykov\u00fdch l\u00e1tek<br> a manipulace s otev\u0159en\u00fdm ohn\u011bm. <br>\n                <br>2.4 Provozovatel Centra\nupozor\u0148uje sv\u00e9 n\u00e1v\u0161t\u011bvn\u00edky na povinnost b\u00fdt pozorn\u00fd a odpov\u011bdn\u00fd ke sv\u00fdm v\u011bcem,\ndo prostor Centra nevn\u00e1\u0161et cenn\u00e9 p\u0159edm\u011bty ani v\u011bt\u0161\u00ed obnos pen\u011bz.\nKa\u017ed\u00fd n\u00e1v\u0161t\u011bvn\u00edk Centra si za sv\u00e9 v\u011bci ru\u010d\u00ed s\u00e1m. <br>\n                <br>2.5 Ve\u0161ker\u00e9 vybaven\u00ed\nCentra je mo\u017eno pou\u017e\u00edvat pouze k \u00fa\u010delu,\nke kter\u00e9mu je ur\u010deno. <br>\n                <br>2.6 N\u00e1v\u0161t\u011bvn\u00edci Centra\ni jeho pracovn\u00edci jsou povinni v prostor\u00e1ch Centra a jeho okol\u00ed udr\u017eovat\npo\u0159\u00e1dek. Z Centra nen\u00ed dovoleno vyn\u00e1\u0161et vybaven\u00ed ani jin\u00e9 za\u0159\u00edzen\u00ed. N\u00e1v\u0161t\u011bvn\u00edci maj\u00ed povinnost\njednat tak, aby sv\u00fdm chov\u00e1n\u00edm\nnepo\u0161kozovali majetek organizace. Pokud dojde k&nbsp;jeho\npo\u0161kozen\u00ed <br>z d\u016fvodu nedbalosti \u010di k z\u00e1m\u011brn\u00e9mu po\u0161kozen\u00ed, odpov\u00eddaj\u00ed vin\u00edci\nza zp\u016fsobenou \u0161kodu a jsou povinni ji uhradit.<br>\n                <br>\n                <a name=\"_Hlk179792163\" class=\"u-btn u-button-link u-button-style u-text-black u-btn-1\"> 2.7 Vedouc\u00ed Centra sezn\u00e1m\u00ed lektory, kte\u0159\u00ed v Centru budou nab\u00edzet pravidelnou \u010dinnost, s chodem Centra, Provozn\u00edm \u0159\u00e1dem, Pravidly BOZP a PO.<br>\n                  <br>\n                <\/a>\n              <\/span><!--[if !supportLists]--><!--[endif]--><!--[if !supportLists]--><!--[endif]--><!--[if !supportLists]--><!--[endif]--><!--[if !supportLists]--><!--[endif]--><!--[if !supportLists]--><!--[endif]--><!--[if !supportLists]--><!--[endif]--><!--[if !supportLists]-->\n              <span class=\"u-text-black\">\n                <br>2.8 V&nbsp;prostor\u00e1ch\nCentra jsou vyv\u011b\u0161eny Pravidla BOZP a PO. U\u017eivatel\u00e9 Centra jsou povinni\nse s&nbsp;nimi sezn\u00e1mit a dodr\u017eovat je. <br>\n                <br>\n              <\/span><!--[endif]--><!--[if !supportLists]-->\n              <span class=\"u-text-black\">2.9&nbsp;&nbsp;\nV\u0161ichni u\u017eivatel\u00e9 a n\u00e1v\u0161t\u011bvn\u00edci jsou povinni p\u0159i\nu\u017e\u00edv\u00e1n\u00ed Centra dodr\u017eovat Provozn\u00ed \u0159\u00e1d, hygienick\u00e9 p\u0159edpisy, p\u0159edpisy BOZP a\nrespektovat pokyny vedouc\u00edho Centra.\nZa dodr\u017eov\u00e1n\u00ed t\u011bchto\np\u0159edpis\u016f a pokyn\u016f\nzodpov\u00eddaj\u00ed u\u017eivatel\u00e9, n\u00e1v\u0161t\u011bvn\u00edci a osoby star\u0161\u00ed 18 let, kter\u00e9 doprov\u00e1zej\u00ed <br>do Centra osoby mlad\u0161\u00ed\n18 let. Za poran\u011bn\u00ed nebo \u00farazy zp\u016fsoben\u00e9 neopatrnost\u00ed nebo nedodr\u017een\u00edm Provozn\u00edho\n\u0159\u00e1du nenese vedouc\u00ed Centra ani z\u0159izovatel \u017e\u00e1dnou odpov\u011bdnost. <br>\n                <br>2.10 Pro p\u0159\u00edpadn\u00e9 o\u0161et\u0159en\u00ed drobn\u00fdch\nporan\u011bn\u00ed je pro u\u017eivatele a n\u00e1v\u0161t\u011bvn\u00edky Centra k\ndispozici l\u00e9k\u00e1rni\u010dka, kter\u00e1 je\num\u00edst\u011bna u vedouc\u00edho Centra. Ka\u017ed\u00fd \u00faraz je t\u0159eba nahl\u00e1sit vedouc\u00edmu\nCentra. <br>\n                <br>\n              <\/span><!--[endif]--><!--[if !supportLists]--><!--[endif]--><!--[if !supportLists]-->\n              <span class=\"u-text-black\">2.11 P\u0159\u00edstup do Centra je bezbari\u00e9rov\u00fd pomoc\u00ed n\u00e1jezdov\u00e9 rampy z&nbsp;ulice C\u00edlkova. <br>\n                <br>2.12 Centrum je chr\u00e1n\u011bno elektronick\u00fdm zabezpe\u010dovac\u00edm za\u0159\u00edzen\u00edm. <br>\n                <br>\n                <br>\n              <\/span><!--[endif]--><!--[if !supportLists]--><!--[endif]-->\n              <span style=\"font-weight: 700;\" class=\"u-text-black\">\u010cl\u00e1nek 3 <\/span>\n              <span class=\"u-text-black\">\n                <br>\n                <br>\n                <span style=\"font-weight: 700;\">Provozn\u00ed doba <\/span>\n                <br>\n                <br>3.1 Provozn\u00ed doba Centra je doba, kdy mohou n\u00e1v\u0161t\u011bvn\u00edci Centrum vyu\u017e\u00edvat. Aktu\u00e1ln\u00ed provozn\u00ed\ndoba je stanovena od 8.00 do 17.00\nhodin dle programu. <br>\n                <br>\n              <\/span><!--[if !supportLists]--><!--[endif]--><!--[if !supportLists]-->\n              <span class=\"u-text-black\">3.2 Provozn\u00ed doba Centra je vypln\u011bna pravideln\u00fdmi aktivitami, opakovan\u00fdmi \u010di jednor\u00e1zov\u00fdmi akcemi. <br>\n                <br>\n              <\/span><!--[endif]--><!--[if !supportLists]-->\n              <span class=\"u-text-black\">3.3 Vyu\u017eit\u00ed Centra\nmimo provozn\u00ed dobu je mo\u017en\u00e9\npouze po dohod\u011b\ns vedouc\u00edm Centra,\nkter\u00fd zastupuje jeho z\u0159izovatele. <br>\n                <br>3.4 Kl\u00ed\u010de od Centra maj\u00ed k dispozici\npouze pov\u011b\u0159en\u00e9 osoby a jsou ulo\u017eeny: <br>-&nbsp;&nbsp;&nbsp;&nbsp;&nbsp;&nbsp; u vedouc\u00edho Centra <br>-&nbsp;&nbsp;&nbsp;&nbsp;&nbsp;&nbsp; v kancel\u00e1\u0159i \u0159editelstv\u00ed\norganizace\n&nbsp; <br>\n                <br>3.5 Pov\u011b\u0159en\u00fd\npracovn\u00edk p\u0159ed sv\u00fdm odchodem z&nbsp;Centra, zodpov\u00edd\u00e1 za kontrolu uzav\u0159en\u00ed oken, vypnut\u00ed topen\u00ed \u010di klimatizace, odpojen\u00ed elektrospot\u0159ebi\u010d\u016f od\nzdroj\u016f, zhasnut\u00ed sv\u011btel, a to i na toalet\u00e1ch a chodb\u00e1ch. Teprve pot\u00e9 provede\nuzam\u010den\u00ed Centra.<br>\n                <br>&nbsp;<br>\n                <span style=\"font-weight: 700;\"> \u010cl\u00e1nek 4 <\/span>\n                <br>\n                <br><b>Vy\u0159izov\u00e1n\u00ed podn\u011bt\u016f\na st\u00ed\u017enost\u00ed<\/b>\n                <br>\n                <br>4.1 Ka\u017ed\u00fd n\u00e1v\u0161t\u011bvn\u00edk m\u00e1 pr\u00e1vo podat podn\u011bt, p\u0159ipom\u00ednku nebo st\u00ed\u017enost k provozu Centra,\na to vedouc\u00edmu Centra, lektorovi, nebo p\u0159\u00edmo provozovateli - Soci\u00e1ln\u00edm slu\u017eb\u00e1m\nm\u011bstsk\u00e9 \u010d\u00e1sti Praha 12, p\u0159\u00edsp\u011bvkov\u00e9 organizaci. P\u0159ipom\u00ednku nebo st\u00ed\u017enost m\u016f\u017ee\npodat p\u00edsemn\u011b, e-mailem nebo sd\u011blit osobn\u011b \u010di telefonicky. <br>\n                <br>4.2 B\u011b\u017en\u00e9 provozn\u00ed z\u00e1le\u017eitosti n\u00e1v\u0161t\u011bvn\u00edci \u0159e\u0161\u00ed p\u0159\u00edmo s vedouc\u00edm Centra\nnebo lektorem dan\u00e9 aktivity. <br>\n                <br>4.3 Kontaktn\u00ed informace:<br>\n                <br> Komunitn\u00ed centrum C\u00edlkova<br> C\u00edlkova 796\/7, 142 00 Praha 4\n&nbsp; <br>www.cilkova.cz<br> info@cilkova.cz\n&nbsp; <br>\n                <br>Provozovatel:\n&nbsp;\nSoci\u00e1ln\u00ed slu\u017eby m\u011bstsk\u00e9 \u010d\u00e1sti\nPraha 12, p\u0159\u00edsp\u011bvkov\u00e1 organizace<br> Olbramovick\u00e1 703\/9<br> 142 00 Praha 4\n&nbsp;\nI\u010c: 70882169<br> www.socsluzbymc12.cz<br> info@socsluzbymc12.cz\n&nbsp; <br>Tel.: 241&nbsp;713 575\n&nbsp;\n&nbsp; <br>\n                <br>\n                <span style=\"font-weight: 700;\">\u010cl\u00e1nek 5 <\/span>\n                <br>\n                <br>\n                <span style=\"font-weight: 700;\">Mimo\u0159\u00e1dn\u00e9 ud\u00e1losti <\/span>\n                <br>\n                <br>5.1&nbsp;&nbsp;\nV Centru mohou nastat mimo\u0159\u00e1dn\u00e9 ud\u00e1losti, kter\u00e9 mohou ohrozit zdrav\u00ed\n\u010di \u017eivot osob nebo po\u0161kodit\nmajetek. Jedn\u00e1 se zejm\u00e9na o po\u017e\u00e1r, \u00fanik plynu,\n\u00fanik vody, kr\u00e1de\u017e v Centru, nevhodn\u00e9 chov\u00e1n\u00ed a agresivitu n\u00e1v\u0161t\u011bvn\u00edka aj. <br>\n                <br>\n              <\/span><!--[endif]--><!--[if !supportLists]--><!--[endif]--><!--[if !supportLists]--><!--[endif]--><!--[if !supportLists]--><!--[endif]--><!--[if !supportLists]--><!--[endif]--><!--[if !supportLists]--><!--[endif]--><!--[if !supportLists]--><!--[endif]--><!--[if !supportLists]--><!--[endif]--><!--[if !supportLists]--><!--[endif]--><!--[if !supportLists]-->\n              <span class=\"u-text-black\">5.2&nbsp;&nbsp;\nN\u00e1v\u0161t\u011bvn\u00edci za \u017e\u00e1dn\u00fdch okolnost\u00ed tyto mimo\u0159\u00e1dn\u00e9\nud\u00e1losti ne\u0159e\u0161\u00ed. Jejich povinnost\u00ed je neprodlen\u011b po zpozorov\u00e1n\u00ed t\u00e9to ud\u00e1losti\ninformovat vedouc\u00edho Centra nebo lektora\naktivity, p\u0159\u00edp. kontaktovat p\u0159\u00edmo slo\u017eky Integrovan\u00e9ho z\u00e1chrann\u00e9ho syst\u00e9mu\n(ISZ), opustit Centrum a chovat se dle pokyn\u016f IZS nebo pracovn\u00edk\u016f Centra. <br>\n                <br>\n              <\/span><!--[endif]--><!--[if !supportLists]-->\n              <span class=\"u-text-black\">5.3&nbsp;&nbsp; D\u016fle\u017eit\u00e1 telefonn\u00ed \u010d\u00edsla:\nZdravotnick\u00e1 z\u00e1chrann\u00e1 slu\u017eba: 155 <br>&nbsp;&nbsp;&nbsp;&nbsp;&nbsp;&nbsp;&nbsp;&nbsp;&nbsp;&nbsp;&nbsp;&nbsp;&nbsp;&nbsp;&nbsp;&nbsp;&nbsp;&nbsp;&nbsp;&nbsp;&nbsp;&nbsp;&nbsp;&nbsp;&nbsp;&nbsp;&nbsp;&nbsp;&nbsp;&nbsp;&nbsp;&nbsp;&nbsp;&nbsp;&nbsp;&nbsp;&nbsp;&nbsp;&nbsp;&nbsp;&nbsp;&nbsp;&nbsp;&nbsp;&nbsp;&nbsp;&nbsp; Hasi\u010di: 150 <br>&nbsp;&nbsp;&nbsp;&nbsp;&nbsp;&nbsp;&nbsp;&nbsp;&nbsp;&nbsp;&nbsp;&nbsp;&nbsp;&nbsp;&nbsp;&nbsp;&nbsp;&nbsp;&nbsp;&nbsp;&nbsp;&nbsp;&nbsp;&nbsp;&nbsp;&nbsp;&nbsp;&nbsp;&nbsp;&nbsp;&nbsp;&nbsp;&nbsp;&nbsp;&nbsp;&nbsp;&nbsp;&nbsp;&nbsp;&nbsp;&nbsp;&nbsp;&nbsp;&nbsp;&nbsp;&nbsp;&nbsp; Policie \u010cR: 158 <br>&nbsp;&nbsp;&nbsp;&nbsp;&nbsp;&nbsp;&nbsp;&nbsp;&nbsp;&nbsp;&nbsp;&nbsp;&nbsp;&nbsp;&nbsp;&nbsp;&nbsp;&nbsp;&nbsp;&nbsp;&nbsp;&nbsp;&nbsp;&nbsp;&nbsp;&nbsp;&nbsp;&nbsp;&nbsp;&nbsp;&nbsp;&nbsp;&nbsp;&nbsp;&nbsp;&nbsp;&nbsp;&nbsp;&nbsp;&nbsp;&nbsp;&nbsp;&nbsp;&nbsp;&nbsp;&nbsp;&nbsp; M\u011bstsk\u00e1 policie:\n156<br>&nbsp; &nbsp; &nbsp; &nbsp; &nbsp; &nbsp; &nbsp; &nbsp; &nbsp; &nbsp; &nbsp; &nbsp; &nbsp; &nbsp; &nbsp; &nbsp; &nbsp; &nbsp; &nbsp; &nbsp; &nbsp; &nbsp; &nbsp; &nbsp; T\u00eds\u0148ov\u00e1 linka: 112&nbsp; <br>\n                <br>5.4 O mimo\u0159\u00e1dn\u00fdch ud\u00e1lostech sep\u00ed\u0161e\nvedouc\u00ed Centra z\u00e1pis a zajist\u00ed informovanost z\u0159izovatele.<br>\n              <\/span><!--[endif]--><!--[if !supportLists]--><!--[endif]--><!--[if !supportLineBreakNewLine]-->\n              <span class=\"u-text-black\">\n                <br>\n              <\/span><!--[endif]-->\n              <span style=\"font-weight: 700;\" class=\"u-text-black\">\u010cl\u00e1nek 6<\/span>\n              <span class=\"u-text-black\">\n                <br>\n                <br><b>Poru\u0161ov\u00e1n\u00ed Provozn\u00edho \u0159\u00e1du<\/b>\n                <br>\n                <br>6.1&nbsp;&nbsp;\nN\u00e1v\u0161t\u011bvn\u00edci Centra, kte\u0159\u00ed\nporu\u0161\u00ed Provozn\u00ed\n\u0159\u00e1d, mohou b\u00fdt v dan\u00fd den z Centra vyk\u00e1z\u00e1ni,\np\u0159\u00edpadn\u011b jim m\u016f\u017ee b\u00fdt zamezen\ndal\u0161\u00ed vstup do Centra. Dan\u00e9mu opat\u0159en\u00ed p\u0159edch\u00e1z\u00ed v\u00fdzva k&nbsp;tomu, aby\nn\u00e1v\u0161t\u011bvn\u00edk zanechal nevhodn\u00e9ho chov\u00e1n\u00ed. <br>\n                <br>6.2&nbsp;&nbsp; V p\u0159\u00edpad\u011b, \u017ee se tak nestane, bude n\u00e1v\u0161t\u011bvn\u00edk Centra vyzv\u00e1n\nk opu\u0161t\u011bn\u00ed prostor. <br>\n                <br>\n              <\/span><!--[if !supportLists]--><!--[endif]--><!--[if !supportLists]--><!--[endif]--><!--[if !supportLists]-->\n              <span class=\"u-text-black\">6.3&nbsp;&nbsp; Pokud neuposlechne v\u00fdzvy, bude kontaktov\u00e1na\nPolicie \u010cR. <br>\n                <br>6.4&nbsp;&nbsp; Jedn\u00e1 se o mimo\u0159\u00e1dnou\nud\u00e1lost, o kter\u00e9 vedouc\u00ed Centra sep\u00ed\u0161e z\u00e1znam a zajist\u00ed informov\u00e1n\u00ed z\u0159izovatele.<br>\n              <\/span><!--[endif]--><!--[if !supportLists]--><!--[endif]--><!--[if !supportLineBreakNewLine]-->\n              <span class=\"u-text-black\">\n                <br>\n              <\/span>\n              <span style=\"font-weight: 700;\" class=\"u-text-black\">\u010cl\u00e1nek 7 <\/span>\n              <span class=\"u-text-black\">\n                <br>\n                <br><b>Z\u00e1v\u011bre\u010dn\u00e1 ustanoven\u00ed<\/b>\n                <br>\n                <br>7.1&nbsp;&nbsp; V\u0161ichni n\u00e1v\u0161t\u011bvn\u00edci Centra jsou povinni se s t\u00edmto Provozn\u00edm \u0159\u00e1dem\nsezn\u00e1mit. <br>\n                <br>7.2&nbsp;&nbsp; Neznalost Provozn\u00edho \u0159\u00e1du neomlouv\u00e1 nevhodn\u00e9\nchov\u00e1n\u00ed a jedn\u00e1n\u00ed. <br>\n                <br>7.3&nbsp;&nbsp;\nS aktualizac\u00ed tohoto\nProvozn\u00edho \u0159\u00e1du je ka\u017ed\u00fd n\u00e1v\u0161t\u011bvn\u00edk sezn\u00e1men p\u0159i aktivit\u00e1ch, kter\u00fdch se \u00fa\u010dastn\u00ed.\nAktu\u00e1ln\u00ed Provozn\u00ed \u0159\u00e1d je k dispozici na webov\u00fdch str\u00e1nk\u00e1ch a je zve\u0159ejn\u011bn na\nviditeln\u00e9m m\u00edst\u011b v Centru. <br>\n                <br>7.4&nbsp;&nbsp; Provozn\u00ed \u0159\u00e1d vstupuje v platnost dnem 11. 11. 2024. Z\u0159izovatel si vyhrazuje pr\u00e1vo\nm\u011bnit a upravovat podm\u00ednky Provozn\u00edho \u0159\u00e1du dle aktu\u00e1ln\u00edch pot\u0159eb Centra.\n&nbsp;\n&nbsp;\n&nbsp;\n&nbsp; <br>\n                <br>V&nbsp;Praze dne 1. 11. 2024 \n              <\/span><!--[if !supportLists]--><!--[endif]--><!--[if !supportLists]--><!--[endif]--><!--[if !supportLists]--><!--[endif]--><!--[if !supportLists]--><!--[endif]-->\n            <\/p>\n          <\/div>\n        <\/div>\n      <\/div>\n    <\/section>\n    \n    \n    \n  \n<\/div>","protected":false},"excerpt":{"rendered":"<p>PROVOZN\u00cd \u0158\u00c1D KOMUNITN\u00cdHO CENTRA C\u00cdLKOVA \u010cl\u00e1nek 1 \u00davodn\u00ed ustanoven\u00ed 1.1 Tento provozn\u00ed \u0159\u00e1d upravuje z\u00e1sady fungov\u00e1n\u00ed Komunitn\u00edho centra C\u00edlkova (d\u00e1le jen Centrum), kter\u00e9 je provozov\u00e1no v&nbsp;r\u00e1mci KDN, Soci\u00e1ln\u00ed slu\u017eby m\u011bstsk\u00e9 [&hellip;]<\/p>\n","protected":false},"author":1,"featured_media":0,"parent":0,"menu_order":0,"comment_status":"closed","ping_status":"closed","template":"","meta":{"_EventAllDay":false,"_EventTimezone":"","_EventStartDate":"","_EventEndDate":"","_EventStartDateUTC":"","_EventEndDateUTC":"","_EventShowMap":false,"_EventShowMapLink":false,"_EventURL":"","_EventCost":"","_EventCostDescription":"","_EventCurrencySymbol":"","_EventCurrencyCode":"","_EventCurrencyPosition":"","_EventDateTimeSeparator":"","_EventTimeRangeSeparator":"","_EventOrganizerID":[],"_EventVenueID":[],"_OrganizerEmail":"","_OrganizerPhone":"","_OrganizerWebsite":"","_VenueAddress":"","_VenueCity":"","_VenueCountry":"","_VenueProvince":"","_VenueState":"","_VenueZip":"","_VenuePhone":"","_VenueURL":"","_VenueStateProvince":"","_VenueLat":"","_VenueLng":"","_VenueShowMap":false,"_VenueShowMapLink":false,"footnotes":""},"class_list":["post-31","page","type-page","status-publish","hentry"],"_links":{"self":[{"href":"https:\/\/www.cilkova.cz\/uvod\/wp-json\/wp\/v2\/pages\/31","targetHints":{"allow":["GET"]}}],"collection":[{"href":"https:\/\/www.cilkova.cz\/uvod\/wp-json\/wp\/v2\/pages"}],"about":[{"href":"https:\/\/www.cilkova.cz\/uvod\/wp-json\/wp\/v2\/types\/page"}],"author":[{"embeddable":true,"href":"https:\/\/www.cilkova.cz\/uvod\/wp-json\/wp\/v2\/users\/1"}],"replies":[{"embeddable":true,"href":"https:\/\/www.cilkova.cz\/uvod\/wp-json\/wp\/v2\/comments?post=31"}],"version-history":[{"count":11,"href":"https:\/\/www.cilkova.cz\/uvod\/wp-json\/wp\/v2\/pages\/31\/revisions"}],"predecessor-version":[{"id":243,"href":"https:\/\/www.cilkova.cz\/uvod\/wp-json\/wp\/v2\/pages\/31\/revisions\/243"}],"wp:attachment":[{"href":"https:\/\/www.cilkova.cz\/uvod\/wp-json\/wp\/v2\/media?parent=31"}],"curies":[{"name":"wp","href":"https:\/\/api.w.org\/{rel}","templated":true}]}}